{"id":1113,"date":"2024-01-17T09:09:55","date_gmt":"2024-01-17T13:09:55","guid":{"rendered":"http:\/\/10.210.0.90\/?page_id=1113"},"modified":"2024-01-18T12:08:58","modified_gmt":"2024-01-18T16:08:58","slug":"hospitais-de-pronto-atendimento","status":"publish","type":"page","link":"https:\/\/www.cbm.ro.gov.br\/?page_id=1113","title":{"rendered":"HOSPITAIS DE PRONTO ATENDIMENTO"},"content":{"rendered":"\t\t<div data-elementor-type=\"wp-page\" data-elementor-id=\"1113\" class=\"elementor elementor-1113\">\n\t\t\t\t<div class=\"elementor-element elementor-element-fa34605 e-flex e-con-boxed e-con e-parent\" data-id=\"fa34605\" data-element_type=\"container\">\n\t\t\t\t\t<div class=\"e-con-inner\">\n\t\t\t\t<div class=\"elementor-element elementor-element-655600a elementor-widget elementor-widget-heading\" data-id=\"655600a\" data-element_type=\"widget\" data-widget_type=\"heading.default\">\n\t\t\t\t<div class=\"elementor-widget-container\">\n\t\t\t\t\t<h2 class=\"elementor-heading-title elementor-size-default\">hospitais de pronto atendimento<\/h2>\t\t\t\t<\/div>\n\t\t\t\t<\/div>\n\t\t\t\t<div class=\"elementor-element elementor-element-eb8a973 elementor-widget elementor-widget-spacer\" data-id=\"eb8a973\" data-element_type=\"widget\" data-widget_type=\"spacer.default\">\n\t\t\t\t<div class=\"elementor-widget-container\">\n\t\t\t\t\t\t\t<div class=\"elementor-spacer\">\n\t\t\t<div class=\"elementor-spacer-inner\"><\/div>\n\t\t<\/div>\n\t\t\t\t\t\t<\/div>\n\t\t\t\t<\/div>\n\t\t\t\t<div class=\"elementor-element elementor-element-57404d6 elementor-widget elementor-widget-text-editor\" data-id=\"57404d6\" data-element_type=\"widget\" data-widget_type=\"text-editor.default\">\n\t\t\t\t<div class=\"elementor-widget-container\">\n\t\t\t\t\t\t\t\t\t<p style=\"text-align: left;\"><strong>PORTO VELHO<\/strong><\/p><ul style=\"text-align: left;\"><li><p>HOSPITAL E PRONTO SOCORRO JO\u00c3O PAULO II &#8211; AV. CAMPOS SALES, 4295 &#8211; NOVA FLORESTA (69) 3216-5423<\/p><\/li><li><p>UPA ZONA LESTE \u2013 AV RIO DE JANEIRO\/MAMOR\u00c9 (69) 3901-3349<\/p><\/li><li><p>UPA ZONA SUL \u2013 AV JATUARANA \/R. URTIGA (69) 3901-3335<\/p><\/li><\/ul><p style=\"text-align: left;\">\u00a0<\/p><p style=\"text-align: left;\"><strong>JI-PARAN\u00c1<\/strong><\/p><ul style=\"text-align: left;\"><li><p>HOSPITAL MUNICIPAL DE JI-PARAN\u00c1\u2013 AV. DOM BOSCO N 1300 &#8211; DOM BOSCO (69) 3416-4097<\/p><\/li><\/ul><p style=\"text-align: left;\">\u00a0<\/p><p style=\"text-align: left;\"><strong>ARIQUEMES<\/strong><\/p><ul style=\"text-align: left;\"><li><p>HOSPITAL REGIONAL AV. TANCREDO NEVES\/CASSITERITA &#8211; SETOR INSTITUCIONAL (69) 3535-2635<\/p><\/li><li><p>UPA AV. TANCREDO NEVES\/CANIND\u00c9 &#8211; SETOR INSTITUCIONAL<\/p><\/li><\/ul><p style=\"text-align: left;\">\u00a0<\/p><p style=\"text-align: left;\"><strong>OURO PRETO<\/strong><\/p><ul style=\"text-align: left;\"><li><p>HOSPITAL MUNICIPAL LAURA MARIA BRAGA, RUA PADRE ADOLFO ROL, 236 &#8211; UNI\u00c3O (69) 9 9238 8070<\/p><\/li><\/ul><p style=\"text-align: left;\">\u00a0<\/p><p style=\"text-align: left;\"><strong>MACHADINHO DO OESTE<\/strong><\/p><ul style=\"text-align: left;\"><li><p>HOSPITAL MUNICIPAL DE MACHADINHO DO OESTE, AV GET\u00daLIO VARGAS, 2263 &#8211; CENTRO (69) 3581-3286<\/p><\/li><\/ul><p style=\"text-align: left;\">\u00a0<\/p><p style=\"text-align: left;\"><strong>JARU<\/strong><\/p><ul style=\"text-align: left;\"><li><p>HOSPITAL SANDOVAL DE ARA\u00daJO DANTAS. RUA FLORIAN\u00d3POLIS S\/N &#8211; SETOR 3 (69) 3521-2678<\/p><\/li><\/ul><p style=\"text-align: left;\">\u00a0<\/p><p style=\"text-align: left;\"><strong>BURITIS<\/strong><\/p><ul style=\"text-align: left;\"><li><p>HOSPITAL REGIONAL DE BURITIS . RUA VALE DO PARA\u00cdSO, 2340 &#8211; SETOR 3 (69) 3238-2408<\/p><\/li><\/ul><p style=\"text-align: left;\">\u00a0<\/p><p style=\"text-align: left;\"><strong>VILHENA<\/strong><\/p><ul style=\"text-align: left;\"><li><p>HOSPITAL REGIONAL DE VILHENA. AV SABINO BEZERRA DE QUEIROZ, 4531 &#8211; JARDIM AM\u00c9RICA (69) 3322-4070<\/p><\/li><\/ul><p style=\"text-align: left;\">\u00a0<\/p><p style=\"text-align: left;\"><strong>CANDEIAS<\/strong><\/p><ul style=\"text-align: left;\"><li><p>HPP AV. \u00a0AIRTON SENA\/RUI BARBOSA &#8211; UNI\u00c3O<\/p><\/li><\/ul><p style=\"text-align: left;\">\u00a0<\/p><p style=\"text-align: left;\"><strong>CEREJEIRAS<\/strong><\/p><ul style=\"text-align: left;\"><li><p>HOSPITAL S\u00c3O LUCAS. RUA NOVA ZELANDIA, 1192 &#8211; CENTRO\u00a0 (69) 3342-2422<\/p><\/li><\/ul><p style=\"text-align: left;\">\u00a0<\/p><p style=\"text-align: left;\"><strong>GUAJAR\u00c1-MIRIM<\/strong><\/p><ul style=\"text-align: left;\"><li><p>HOSPITAL PERP\u00c9TUO SOCORRO. AV. COSTA MARQUES S\/N &#8211; CENTRO\u00a0 (69) 3913-1533<\/p><\/li><\/ul><p style=\"text-align: left;\">\u00a0<\/p><p style=\"text-align: left;\"><strong>CACOAL<\/strong><\/p><ul style=\"text-align: left;\"><li><p>HOSPITAL DE URG\u00caNCIA E EMERG\u00caNCIA DE CACOAL. AV. ROSILENE XAVIER TRANSPADINI, 20200 &#8211; JARDIM ELDORADO\u00a0 (69) 3907-4108<\/p><\/li><\/ul><p style=\"text-align: left;\">\u00a0<\/p><p style=\"text-align: left;\"><strong>PIMENTA BUENO<\/strong><\/p><ul style=\"text-align: left;\"><li><p>HOSPITAL ANA NETA AV. T\u00daRIBIO ODILON\/ CARLOS DORNELES &#8211; ALVORADA\u00a0 (69) 3451-2649<\/p><\/li><\/ul><p style=\"text-align: left;\">\u00a0<\/p><p style=\"text-align: left;\"><strong>ROLIM DE MOURA<\/strong><\/p><ul><li><p style=\"text-align: left;\">HOSPITAL MUNICIPAL AM\u00c9LIO JO\u00c3O DA SILVA. AV. CUIAB\u00c1, 5414 &#8211; PLANALTO\u00a0 (69) 3442-3091<\/p><\/li><\/ul>\t\t\t\t\t\t\t\t<\/div>\n\t\t\t\t<\/div>\n\t\t\t\t\t<\/div>\n\t\t\t\t<\/div>\n\t\t\t\t<\/div>\n\t\t","protected":false},"excerpt":{"rendered":"<p>hospitais de pronto atendimento PORTO VELHO HOSPITAL E PRONTO SOCORRO JO\u00c3O PAULO II &#8211; AV. CAMPOS SALES, 4295 &#8211; NOVA FLORESTA (69) 3216-5423 UPA ZONA LESTE \u2013 AV RIO DE&hellip;<\/p>\n","protected":false},"author":5,"featured_media":0,"parent":0,"menu_order":0,"comment_status":"closed","ping_status":"closed","template":"","meta":{"footnotes":""},"class_list":["post-1113","page","type-page","status-publish","hentry"],"yoast_head":"<!-- This site is optimized with the Yoast SEO plugin v23.7 - https:\/\/yoast.com\/wordpress\/plugins\/seo\/ -->\n<title>HOSPITAIS DE PRONTO ATENDIMENTO - Corpo de Bombeiros Militar de Rond\u00f4nia<\/title>\n<meta name=\"robots\" content=\"index, follow, max-snippet:-1, max-image-preview:large, max-video-preview:-1\" \/>\n<link rel=\"canonical\" href=\"https:\/\/www.cbm.ro.gov.br\/?page_id=1113\" \/>\n<meta property=\"og:locale\" content=\"pt_BR\" \/>\n<meta property=\"og:type\" content=\"article\" \/>\n<meta property=\"og:title\" content=\"HOSPITAIS DE PRONTO ATENDIMENTO - Corpo de Bombeiros Militar de Rond\u00f4nia\" \/>\n<meta property=\"og:description\" content=\"hospitais de pronto atendimento PORTO VELHO HOSPITAL E PRONTO SOCORRO JO\u00c3O PAULO II &#8211; AV. CAMPOS SALES, 4295 &#8211; NOVA FLORESTA (69) 3216-5423 UPA ZONA LESTE \u2013 AV RIO DE&hellip;\" \/>\n<meta property=\"og:url\" content=\"https:\/\/www.cbm.ro.gov.br\/?page_id=1113\" \/>\n<meta property=\"og:site_name\" content=\"Corpo de Bombeiros Militar de Rond\u00f4nia\" \/>\n<meta property=\"article:publisher\" content=\"https:\/\/www.facebook.com\/cbmro.oficial\/\" \/>\n<meta property=\"article:modified_time\" content=\"2024-01-18T16:08:58+00:00\" \/>\n<meta property=\"og:image\" content=\"https:\/\/www.cbm.ro.gov.br\/wp-content\/uploads\/2024\/09\/BRASAO-PARA-MATERIA.png\" \/>\n\t<meta property=\"og:image:width\" content=\"1920\" \/>\n\t<meta property=\"og:image:height\" content=\"1080\" \/>\n\t<meta property=\"og:image:type\" content=\"image\/png\" \/>\n<meta name=\"twitter:card\" content=\"summary_large_image\" \/>\n<meta name=\"twitter:label1\" content=\"Est. tempo de leitura\" \/>\n\t<meta name=\"twitter:data1\" content=\"1 minuto\" \/>\n<script type=\"application\/ld+json\" class=\"yoast-schema-graph\">{\"@context\":\"https:\/\/schema.org\",\"@graph\":[{\"@type\":\"WebPage\",\"@id\":\"https:\/\/www.cbm.ro.gov.br\/?page_id=1113\",\"url\":\"https:\/\/www.cbm.ro.gov.br\/?page_id=1113\",\"name\":\"HOSPITAIS DE PRONTO ATENDIMENTO - Corpo de Bombeiros Militar de Rond\u00f4nia\",\"isPartOf\":{\"@id\":\"https:\/\/www.cbm.ro.gov.br\/#website\"},\"datePublished\":\"2024-01-17T13:09:55+00:00\",\"dateModified\":\"2024-01-18T16:08:58+00:00\",\"breadcrumb\":{\"@id\":\"https:\/\/www.cbm.ro.gov.br\/?page_id=1113#breadcrumb\"},\"inLanguage\":\"pt-BR\",\"potentialAction\":[{\"@type\":\"ReadAction\",\"target\":[\"https:\/\/www.cbm.ro.gov.br\/?page_id=1113\"]}]},{\"@type\":\"BreadcrumbList\",\"@id\":\"https:\/\/www.cbm.ro.gov.br\/?page_id=1113#breadcrumb\",\"itemListElement\":[{\"@type\":\"ListItem\",\"position\":1,\"name\":\"In\u00edcio\",\"item\":\"https:\/\/www.cbm.ro.gov.br\/\"},{\"@type\":\"ListItem\",\"position\":2,\"name\":\"HOSPITAIS DE PRONTO ATENDIMENTO\"}]},{\"@type\":\"WebSite\",\"@id\":\"https:\/\/www.cbm.ro.gov.br\/#website\",\"url\":\"https:\/\/www.cbm.ro.gov.br\/\",\"name\":\"Corpo de Bombeiros Militar de Rond\u00f4nia\",\"description\":\"Vidas alheias, riquezas salvar!\",\"publisher\":{\"@id\":\"https:\/\/www.cbm.ro.gov.br\/#organization\"},\"alternateName\":\"cbmro\",\"potentialAction\":[{\"@type\":\"SearchAction\",\"target\":{\"@type\":\"EntryPoint\",\"urlTemplate\":\"https:\/\/www.cbm.ro.gov.br\/?s={search_term_string}\"},\"query-input\":{\"@type\":\"PropertyValueSpecification\",\"valueRequired\":true,\"valueName\":\"search_term_string\"}}],\"inLanguage\":\"pt-BR\"},{\"@type\":\"Organization\",\"@id\":\"https:\/\/www.cbm.ro.gov.br\/#organization\",\"name\":\"Corpo de Bombeiros Militar do Estado de Rond\u00f4nia\",\"alternateName\":\"CBMRO\",\"url\":\"https:\/\/www.cbm.ro.gov.br\/\",\"logo\":{\"@type\":\"ImageObject\",\"inLanguage\":\"pt-BR\",\"@id\":\"https:\/\/www.cbm.ro.gov.br\/#\/schema\/logo\/image\/\",\"url\":\"https:\/\/www.cbm.ro.gov.br\/wp-content\/uploads\/2023\/12\/cropped-cropped-cropped-BRASO_3D_32-1-e1724344443171.png\",\"contentUrl\":\"https:\/\/www.cbm.ro.gov.br\/wp-content\/uploads\/2023\/12\/cropped-cropped-cropped-BRASO_3D_32-1-e1724344443171.png\",\"width\":446,\"height\":441,\"caption\":\"Corpo de Bombeiros Militar do Estado de Rond\u00f4nia\"},\"image\":{\"@id\":\"https:\/\/www.cbm.ro.gov.br\/#\/schema\/logo\/image\/\"},\"sameAs\":[\"https:\/\/www.facebook.com\/cbmro.oficial\/\",\"https:\/\/www.youtube.com\/c\/CorpodeBombeirosMilitardoEstadodeRond\u00f4nia\"]}]}<\/script>\n<!-- \/ Yoast SEO plugin. -->","yoast_head_json":{"title":"HOSPITAIS DE PRONTO ATENDIMENTO - Corpo de Bombeiros Militar de Rond\u00f4nia","robots":{"index":"index","follow":"follow","max-snippet":"max-snippet:-1","max-image-preview":"max-image-preview:large","max-video-preview":"max-video-preview:-1"},"canonical":"https:\/\/www.cbm.ro.gov.br\/?page_id=1113","og_locale":"pt_BR","og_type":"article","og_title":"HOSPITAIS DE PRONTO ATENDIMENTO - Corpo de Bombeiros Militar de Rond\u00f4nia","og_description":"hospitais de pronto atendimento PORTO VELHO HOSPITAL E PRONTO SOCORRO JO\u00c3O PAULO II &#8211; AV. CAMPOS SALES, 4295 &#8211; NOVA FLORESTA (69) 3216-5423 UPA ZONA LESTE \u2013 AV RIO DE&hellip;","og_url":"https:\/\/www.cbm.ro.gov.br\/?page_id=1113","og_site_name":"Corpo de Bombeiros Militar de Rond\u00f4nia","article_publisher":"https:\/\/www.facebook.com\/cbmro.oficial\/","article_modified_time":"2024-01-18T16:08:58+00:00","og_image":[{"width":1920,"height":1080,"url":"https:\/\/www.cbm.ro.gov.br\/wp-content\/uploads\/2024\/09\/BRASAO-PARA-MATERIA.png","type":"image\/png"}],"twitter_card":"summary_large_image","twitter_misc":{"Est. tempo de leitura":"1 minuto"},"schema":{"@context":"https:\/\/schema.org","@graph":[{"@type":"WebPage","@id":"https:\/\/www.cbm.ro.gov.br\/?page_id=1113","url":"https:\/\/www.cbm.ro.gov.br\/?page_id=1113","name":"HOSPITAIS DE PRONTO ATENDIMENTO - Corpo de Bombeiros Militar de Rond\u00f4nia","isPartOf":{"@id":"https:\/\/www.cbm.ro.gov.br\/#website"},"datePublished":"2024-01-17T13:09:55+00:00","dateModified":"2024-01-18T16:08:58+00:00","breadcrumb":{"@id":"https:\/\/www.cbm.ro.gov.br\/?page_id=1113#breadcrumb"},"inLanguage":"pt-BR","potentialAction":[{"@type":"ReadAction","target":["https:\/\/www.cbm.ro.gov.br\/?page_id=1113"]}]},{"@type":"BreadcrumbList","@id":"https:\/\/www.cbm.ro.gov.br\/?page_id=1113#breadcrumb","itemListElement":[{"@type":"ListItem","position":1,"name":"In\u00edcio","item":"https:\/\/www.cbm.ro.gov.br\/"},{"@type":"ListItem","position":2,"name":"HOSPITAIS DE PRONTO ATENDIMENTO"}]},{"@type":"WebSite","@id":"https:\/\/www.cbm.ro.gov.br\/#website","url":"https:\/\/www.cbm.ro.gov.br\/","name":"Corpo de Bombeiros Militar de Rond\u00f4nia","description":"Vidas alheias, riquezas salvar!","publisher":{"@id":"https:\/\/www.cbm.ro.gov.br\/#organization"},"alternateName":"cbmro","potentialAction":[{"@type":"SearchAction","target":{"@type":"EntryPoint","urlTemplate":"https:\/\/www.cbm.ro.gov.br\/?s={search_term_string}"},"query-input":{"@type":"PropertyValueSpecification","valueRequired":true,"valueName":"search_term_string"}}],"inLanguage":"pt-BR"},{"@type":"Organization","@id":"https:\/\/www.cbm.ro.gov.br\/#organization","name":"Corpo de Bombeiros Militar do Estado de Rond\u00f4nia","alternateName":"CBMRO","url":"https:\/\/www.cbm.ro.gov.br\/","logo":{"@type":"ImageObject","inLanguage":"pt-BR","@id":"https:\/\/www.cbm.ro.gov.br\/#\/schema\/logo\/image\/","url":"https:\/\/www.cbm.ro.gov.br\/wp-content\/uploads\/2023\/12\/cropped-cropped-cropped-BRASO_3D_32-1-e1724344443171.png","contentUrl":"https:\/\/www.cbm.ro.gov.br\/wp-content\/uploads\/2023\/12\/cropped-cropped-cropped-BRASO_3D_32-1-e1724344443171.png","width":446,"height":441,"caption":"Corpo de Bombeiros Militar do Estado de Rond\u00f4nia"},"image":{"@id":"https:\/\/www.cbm.ro.gov.br\/#\/schema\/logo\/image\/"},"sameAs":["https:\/\/www.facebook.com\/cbmro.oficial\/","https:\/\/www.youtube.com\/c\/CorpodeBombeirosMilitardoEstadodeRond\u00f4nia"]}]}},"wpmagazine_modules_lite_featured_media_urls":{"thumbnail":"","cvmm-medium":"","cvmm-medium-plus":"","cvmm-portrait":"","cvmm-medium-square":"","cvmm-large":"","cvmm-small":"","full":""},"categories_names":null,"comments_number":"0","_links":{"self":[{"href":"https:\/\/www.cbm.ro.gov.br\/index.php?rest_route=\/wp\/v2\/pages\/1113","targetHints":{"allow":["GET"]}}],"collection":[{"href":"https:\/\/www.cbm.ro.gov.br\/index.php?rest_route=\/wp\/v2\/pages"}],"about":[{"href":"https:\/\/www.cbm.ro.gov.br\/index.php?rest_route=\/wp\/v2\/types\/page"}],"author":[{"embeddable":true,"href":"https:\/\/www.cbm.ro.gov.br\/index.php?rest_route=\/wp\/v2\/users\/5"}],"replies":[{"embeddable":true,"href":"https:\/\/www.cbm.ro.gov.br\/index.php?rest_route=%2Fwp%2Fv2%2Fcomments&post=1113"}],"version-history":[{"count":14,"href":"https:\/\/www.cbm.ro.gov.br\/index.php?rest_route=\/wp\/v2\/pages\/1113\/revisions"}],"predecessor-version":[{"id":1754,"href":"https:\/\/www.cbm.ro.gov.br\/index.php?rest_route=\/wp\/v2\/pages\/1113\/revisions\/1754"}],"wp:attachment":[{"href":"https:\/\/www.cbm.ro.gov.br\/index.php?rest_route=%2Fwp%2Fv2%2Fmedia&parent=1113"}],"curies":[{"name":"wp","href":"https:\/\/api.w.org\/{rel}","templated":true}]}}